{"id":80,"date":"2018-10-13T16:33:40","date_gmt":"2018-10-13T16:33:40","guid":{"rendered":"https:\/\/www.dular.world\/SI\/?page_id=80"},"modified":"2025-11-12T17:45:48","modified_gmt":"2025-11-12T15:45:48","slug":"druge-objave","status":"publish","type":"page","link":"https:\/\/www.dular.world\/SI\/druge-objave\/","title":{"rendered":"Druge objave"},"content":{"rendered":"\n<p id=\"block-cc5e99cf-f81a-4b4c-92b4-7b25ae3c40f8\"><strong>2025<\/strong><\/p>\n\n\n\n<p>O romanu <a href=\"https:\/\/jalastovka.si\/zapisano-v-romanu\/\">Sramota<\/a> J. M. Coetzeeja.<\/p>\n\n\n\n<p id=\"block-b81649d1-f5b2-494e-8d3b-dfce18fc0ea0\"><a href=\"https:\/\/jalastovka.si\/dekle-frajer-slovenski-prevod-tretje-pesniske-zbirke-radmile-petrovic-z-naslovom-moja-mama-ve-kaj-se-dogaja-v-mestu-cankarjeva-zalozba-2025\/\">Kritika<\/a> pesni\u0161ke zbirke Radmile Petrovi\u0107, <em>Moja mama ve, kaj se dogaja v mestih<\/em><\/p>\n\n\n\n<p><a href=\"https:\/\/jalastovka.si\/svet-kot-je\/\">Ob zbirki kratke proze<\/a><em><strong>&nbsp;<\/strong>Domoto\u017eje po drugem svetu<\/em>&nbsp;(angl.&nbsp;Homesick fo Another World Ottesse Moshfegh.&nbsp;<\/p>\n\n\n\n<p id=\"block-6ca015f6-1346-40f7-a859-8c160b1d11e6\"><a href=\"https:\/\/jalastovka.si\/pisanje-o-starsih-je-tudi-pisanje-o-sebi\/\">Intervju<\/a> z Aleksandrom Hemonom, v sloven\u0161\u010dini in angle\u0161\u010dini<\/p>\n\n\n\n<p id=\"block-7303677b-8d9e-472b-b118-5a4ecab96e0a\">Razmi\u0161ljanje ob knjigi Draga Jan\u010darja <em>Zakaj pisati<\/em> je objavljeno na Jantarni lastovki, v <a href=\"https:\/\/jalastovka.si\/se-enkrat-zakaj-pisati\/\">dveh<\/a> <a href=\"https:\/\/jalastovka.si\/se-enkrat-zakaj-pisati-2\/\">delih<\/a><\/p>\n\n\n\n<p id=\"block-b42ae2b6-8563-4897-9054-c681ca3d37bf\">V reviji Pravna praksa je 8. 5. 2025 iz\u0161la <a href=\"https:\/\/www.dular.world\/SI\/wp-content\/uploads\/2025\/08\/DULAR-Jancar.pdf\">recenzija<\/a> knjige Draga Jan\u010darja <em>Zakaj pisati<\/em>. Poobjavljeno z dovoljenjem uredni\u0161tva Pravne prakse<\/p>\n\n\n\n<p id=\"block-b7c2becf-ebb3-416d-93ae-1be5ed88eab8\"><strong>2024<\/strong><\/p>\n\n\n\n<p id=\"block-1ef453f6-58c2-4cfa-827b-ab99077e0001\"><a href=\"https:\/\/plus.cobiss.net\/cobiss\/si\/sl\/bib\/212471299\">Recenzija knjige<\/a> Davida Graeberja, <a href=\"https:\/\/www.zalozbacf.si\/index.php\/bulsihti.html\">Bul\u0161ihti<\/a>, v reviji <em>Pravna praksa<\/em>, 18. oktober 2024<\/p>\n\n\n\n<p id=\"block-0e2d10c4-b134-4107-967d-71e5d3347195\"><strong>2023<\/strong><\/p>\n\n\n\n<p id=\"block-19270117-4e86-47e5-a84f-71c5e851cda5\">Poobjava <a href=\"https:\/\/hirondelle.si\/refleksije\/sence-v-romanu-klara-in-sonce\/\">refleksije<\/a> o romanu Klara in sonce Kazua Ishigura<\/p>\n\n\n\n<p id=\"block-9e7d4ba7-b93d-45f4-bc21-ad10428be013\"><strong>2022<\/strong><\/p>\n\n\n\n<p id=\"block-ae56cc91-e415-402a-9782-f2f5ef34a39b\"><a href=\"https:\/\/zrsvn-varstvonarave.si\/wp-content\/uploads\/2022\/11\/07-Gorki\u010d-Dular.pdf\">Intervju<\/a> z naravovarstvenico Mirjam Gorki\u010d<\/p>\n\n\n\n<p id=\"block-cdf89afe-81ed-40d7-b8ef-7acc3e0a4fd6\"><strong>2021<\/strong><\/p>\n\n\n\n<p id=\"block-74be0794-cdd6-435e-a6f6-f8bb3859543d\">Kratka zgodba Vijoli\u010dni metulj\u010dek na portalu <a href=\"https:\/\/vrabecanarhist.eu\/2021\/07\/31\/vijolicni-metuljcek\/\">Vrabec Anarhist<\/a><\/p>\n\n\n\n<p id=\"block-113e03f1-3c47-4f9c-82cb-dc66514cf0ec\"><strong>2020<\/strong><\/p>\n\n\n\n<p id=\"block-c9f4143e-34a8-4d9f-b4c9-adf91ee37e56\"><a href=\"https:\/\/vrabecanarhist.eu\/2020\/09\/26\/nekaj-misli-ob-romanu-gabriele-babnik-tri-smrti\/\">O romanu<\/a> Gabriele Babnik <em>Tri smrti<\/em><\/p>\n\n\n\n<p id=\"block-509d083f-1742-41e7-9843-b2a5eb030c56\"><strong>2017<\/strong><\/p>\n\n\n\n<p id=\"block-08dea1c4-405d-4639-b96c-6ede9ccb591b\"><a href=\"https:\/\/zrsvn-varstvonarave.si\/wp-content\/uploads\/2019\/07\/Dular_4942.pdf\">\u010clanek<\/a> o zavedanju pomena ohranjene narave v dru\u017ebi<\/p>\n\n\n\n<p id=\"block-7da86906-826a-4da4-8869-f2cb5f843bef\"><strong>2016<\/strong><\/p>\n\n\n\n<p><a href=\"https:\/\/podcrto.si\/o-ucinkovitem-in-brezcutnem-propagandnem-stroju-tobacne-industrije\/\">Kratek povzetek<\/a> knjige Roberta N. Proctorja Zlati holokavst<\/p>\n\n\n\n<figure class=\"wp-block-image\"><img loading=\"lazy\" decoding=\"async\" width=\"941\" height=\"705\" src=\"https:\/\/www.dular.world\/SI\/wp-content\/uploads\/2018\/10\/Knji\u017enica_Jasna_KrG-1.jpg\" alt=\"\" class=\"wp-image-148\" srcset=\"https:\/\/www.dular.world\/SI\/wp-content\/uploads\/2018\/10\/Knji\u017enica_Jasna_KrG-1.jpg 941w, https:\/\/www.dular.world\/SI\/wp-content\/uploads\/2018\/10\/Knji\u017enica_Jasna_KrG-1-300x225.jpg 300w, https:\/\/www.dular.world\/SI\/wp-content\/uploads\/2018\/10\/Knji\u017enica_Jasna_KrG-1-768x575.jpg 768w\" sizes=\"auto, (max-width: 767px) 89vw, (max-width: 1000px) 54vw, (max-width: 1071px) 543px, 580px\" \/><figcaption class=\"wp-element-caption\">Mini knji\u017enica ob jezeru Jasna v Kranjski Gori<\/figcaption><\/figure>\n","protected":false},"excerpt":{"rendered":"<p>2025 O romanu Sramota J. M. Coetzeeja. Kritika pesni\u0161ke zbirke Radmile Petrovi\u0107, Moja mama ve, kaj se dogaja v mestih Ob zbirki kratke proze&nbsp;Domoto\u017eje po drugem svetu&nbsp;(angl.&nbsp;Homesick fo Another World Ottesse Moshfegh.&nbsp; Intervju z Aleksandrom Hemonom, v sloven\u0161\u010dini in angle\u0161\u010dini Razmi\u0161ljanje ob knjigi Draga Jan\u010darja Zakaj pisati je objavljeno na Jantarni lastovki, v dveh delih &hellip; <\/p>\n<p class=\"link-more\"><a href=\"https:\/\/www.dular.world\/SI\/druge-objave\/\" class=\"more-link\">Preberi ve\u010d<span class=\"screen-reader-text\"> &#8220;Druge objave&#8221;<\/span><\/a><\/p>\n","protected":false},"author":1,"featured_media":0,"parent":0,"menu_order":0,"comment_status":"closed","ping_status":"closed","template":"","meta":{"footnotes":""},"class_list":["post-80","page","type-page","status-publish","hentry"],"_links":{"self":[{"href":"https:\/\/www.dular.world\/SI\/wp-json\/wp\/v2\/pages\/80","targetHints":{"allow":["GET"]}}],"collection":[{"href":"https:\/\/www.dular.world\/SI\/wp-json\/wp\/v2\/pages"}],"about":[{"href":"https:\/\/www.dular.world\/SI\/wp-json\/wp\/v2\/types\/page"}],"author":[{"embeddable":true,"href":"https:\/\/www.dular.world\/SI\/wp-json\/wp\/v2\/users\/1"}],"replies":[{"embeddable":true,"href":"https:\/\/www.dular.world\/SI\/wp-json\/wp\/v2\/comments?post=80"}],"version-history":[{"count":43,"href":"https:\/\/www.dular.world\/SI\/wp-json\/wp\/v2\/pages\/80\/revisions"}],"predecessor-version":[{"id":3629,"href":"https:\/\/www.dular.world\/SI\/wp-json\/wp\/v2\/pages\/80\/revisions\/3629"}],"wp:attachment":[{"href":"https:\/\/www.dular.world\/SI\/wp-json\/wp\/v2\/media?parent=80"}],"curies":[{"name":"wp","href":"https:\/\/api.w.org\/{rel}","templated":true}]}}