{"id":3428,"date":"2022-12-29T17:30:39","date_gmt":"2022-12-29T15:30:39","guid":{"rendered":"https:\/\/www.dular.world\/SI\/?page_id=3428"},"modified":"2022-12-29T20:28:32","modified_gmt":"2022-12-29T18:28:32","slug":"lirika-lyric","status":"publish","type":"page","link":"https:\/\/www.dular.world\/SI\/lirika-lyric\/","title":{"rendered":"Lirika \/ Lyric"},"content":{"rendered":"\n<p>Tretja pesni\u0161ka zbirka fotoverzov s posvetilom &#8220;Dragim. Ljubimcem&#8221; &#8211; lirika prazni\u010dnega vsakdana &#8211; je razdeljena v dva dela, <strong>Jurjevo, kresovanja in drugi prazniki<\/strong> in <strong>Vsi sveti, koledovanja in drugi prazniki<\/strong>. V vsakem delu je po 33 fotoverzov. Tudi v tej zbirki je na zadnji strani platnic prilo\u017een sedemin\u0161estdeseti fotoverz.<\/p>\n\n\n\n<div class=\"wp-block-image\"><figure class=\"aligncenter size-large\"><img loading=\"lazy\" decoding=\"async\" width=\"533\" height=\"338\" src=\"https:\/\/www.dular.world\/SI\/wp-content\/uploads\/2022\/12\/lirika2.jpg\" alt=\"\" class=\"wp-image-3488\" srcset=\"https:\/\/www.dular.world\/SI\/wp-content\/uploads\/2022\/12\/lirika2.jpg 533w, https:\/\/www.dular.world\/SI\/wp-content\/uploads\/2022\/12\/lirika2-300x190.jpg 300w\" sizes=\"auto, (max-width: 533px) 100vw, 533px\" \/><\/figure><\/div>\n\n\n\n<p>Stran iz Spremne besede urednic Helene Zemlji\u010d in Ane \u017duni\u010d:<\/p>\n\n\n\n<div class=\"wp-block-image\"><figure class=\"aligncenter size-large\"><img loading=\"lazy\" decoding=\"async\" width=\"439\" height=\"516\" src=\"https:\/\/www.dular.world\/SI\/wp-content\/uploads\/2022\/12\/image.png\" alt=\"\" class=\"wp-image-3458\" srcset=\"https:\/\/www.dular.world\/SI\/wp-content\/uploads\/2022\/12\/image.png 439w, https:\/\/www.dular.world\/SI\/wp-content\/uploads\/2022\/12\/image-255x300.png 255w\" sizes=\"auto, (max-width: 439px) 100vw, 439px\" \/><\/figure><\/div>\n\n\n\n<p><\/p>\n\n\n\n<div class=\"wp-block-image\"><figure class=\"aligncenter size-large\"><img loading=\"lazy\" decoding=\"async\" width=\"955\" height=\"792\" src=\"https:\/\/www.dular.world\/SI\/wp-content\/uploads\/2022\/12\/str55.jpg\" alt=\"\" class=\"wp-image-3431\" srcset=\"https:\/\/www.dular.world\/SI\/wp-content\/uploads\/2022\/12\/str55.jpg 955w, https:\/\/www.dular.world\/SI\/wp-content\/uploads\/2022\/12\/str55-300x249.jpg 300w, https:\/\/www.dular.world\/SI\/wp-content\/uploads\/2022\/12\/str55-768x637.jpg 768w\" sizes=\"auto, (max-width: 767px) 89vw, (max-width: 1000px) 54vw, (max-width: 1071px) 543px, 580px\" \/><\/figure><\/div>\n\n\n\n<div class=\"wp-block-image\"><figure class=\"aligncenter size-large\"><img loading=\"lazy\" decoding=\"async\" width=\"839\" height=\"791\" src=\"https:\/\/www.dular.world\/SI\/wp-content\/uploads\/2022\/12\/str81.jpg\" alt=\"\" class=\"wp-image-3432\" srcset=\"https:\/\/www.dular.world\/SI\/wp-content\/uploads\/2022\/12\/str81.jpg 839w, https:\/\/www.dular.world\/SI\/wp-content\/uploads\/2022\/12\/str81-300x283.jpg 300w, https:\/\/www.dular.world\/SI\/wp-content\/uploads\/2022\/12\/str81-768x724.jpg 768w\" sizes=\"auto, (max-width: 767px) 89vw, (max-width: 1000px) 54vw, (max-width: 1071px) 543px, 580px\" \/><\/figure><\/div>\n\n\n\n<p>Oblikovanje: Polona Zaletel<\/p>\n\n\n\n<p><\/p>\n","protected":false},"excerpt":{"rendered":"<p>Tretja pesni\u0161ka zbirka fotoverzov s posvetilom &#8220;Dragim. Ljubimcem&#8221; &#8211; lirika prazni\u010dnega vsakdana &#8211; je razdeljena v dva dela, Jurjevo, kresovanja in drugi prazniki in Vsi sveti, koledovanja in drugi prazniki. V vsakem delu je po 33 fotoverzov. Tudi v tej zbirki je na zadnji strani platnic prilo\u017een sedemin\u0161estdeseti fotoverz. Stran iz Spremne besede urednic Helene &hellip; <\/p>\n<p class=\"link-more\"><a href=\"https:\/\/www.dular.world\/SI\/lirika-lyric\/\" class=\"more-link\">Preberi ve\u010d<span class=\"screen-reader-text\"> &#8220;Lirika \/ Lyric&#8221;<\/span><\/a><\/p>\n","protected":false},"author":2,"featured_media":0,"parent":0,"menu_order":0,"comment_status":"closed","ping_status":"closed","template":"","meta":{"footnotes":""},"class_list":["post-3428","page","type-page","status-publish","hentry"],"_links":{"self":[{"href":"https:\/\/www.dular.world\/SI\/wp-json\/wp\/v2\/pages\/3428","targetHints":{"allow":["GET"]}}],"collection":[{"href":"https:\/\/www.dular.world\/SI\/wp-json\/wp\/v2\/pages"}],"about":[{"href":"https:\/\/www.dular.world\/SI\/wp-json\/wp\/v2\/types\/page"}],"author":[{"embeddable":true,"href":"https:\/\/www.dular.world\/SI\/wp-json\/wp\/v2\/users\/2"}],"replies":[{"embeddable":true,"href":"https:\/\/www.dular.world\/SI\/wp-json\/wp\/v2\/comments?post=3428"}],"version-history":[{"count":13,"href":"https:\/\/www.dular.world\/SI\/wp-json\/wp\/v2\/pages\/3428\/revisions"}],"predecessor-version":[{"id":3491,"href":"https:\/\/www.dular.world\/SI\/wp-json\/wp\/v2\/pages\/3428\/revisions\/3491"}],"wp:attachment":[{"href":"https:\/\/www.dular.world\/SI\/wp-json\/wp\/v2\/media?parent=3428"}],"curies":[{"name":"wp","href":"https:\/\/api.w.org\/{rel}","templated":true}]}}