{"id":2961,"date":"2021-10-08T23:17:16","date_gmt":"2021-10-08T21:17:16","guid":{"rendered":"https:\/\/www.dular.world\/SI\/?page_id=2961"},"modified":"2022-12-29T17:40:08","modified_gmt":"2022-12-29T15:40:08","slug":"snd-spoznavanje-narave-in-druzbe","status":"publish","type":"page","link":"https:\/\/www.dular.world\/SI\/snd-spoznavanje-narave-in-druzbe\/","title":{"rendered":"SND. Spoznavanje narave in dru\u017ebe \/ LNS. Learning about Nature and Society"},"content":{"rendered":"<p>Pesni\u0161ka zbirka je razdeljena v dva dela, <strong>Narava<\/strong>&nbsp;in&nbsp;<strong>Dru\u017eba<\/strong>. V vsakem delu je po 33 fotoverzov.<\/p>\n<p><img loading=\"lazy\" decoding=\"async\" class=\"alignnone size-medium wp-image-2965\" src=\"https:\/\/www.dular.world\/SI\/wp-content\/uploads\/2021\/10\/www1-300x210.jpg\" alt=\"\" width=\"300\" height=\"210\" srcset=\"https:\/\/www.dular.world\/SI\/wp-content\/uploads\/2021\/10\/www1-300x210.jpg 300w, https:\/\/www.dular.world\/SI\/wp-content\/uploads\/2021\/10\/www1-768x538.jpg 768w, https:\/\/www.dular.world\/SI\/wp-content\/uploads\/2021\/10\/www1.jpg 1000w\" sizes=\"auto, (max-width: 300px) 100vw, 300px\" \/><\/p>\n<p>Zve\u010der pred spanjem, za prijeten sen&nbsp;\u2013 vsak dan nov fotoverz.<\/p>\n<p><img loading=\"lazy\" decoding=\"async\" class=\"alignnone size-medium wp-image-2966\" src=\"https:\/\/www.dular.world\/SI\/wp-content\/uploads\/2021\/10\/www2-300x210.jpg\" alt=\"\" width=\"300\" height=\"210\" srcset=\"https:\/\/www.dular.world\/SI\/wp-content\/uploads\/2021\/10\/www2-300x210.jpg 300w, https:\/\/www.dular.world\/SI\/wp-content\/uploads\/2021\/10\/www2-768x538.jpg 768w, https:\/\/www.dular.world\/SI\/wp-content\/uploads\/2021\/10\/www2.jpg 1000w\" sizes=\"auto, (max-width: 300px) 100vw, 300px\" \/><\/p>\n<p>Str. 142:<\/p>\n<p><img loading=\"lazy\" decoding=\"async\" class=\"alignnone size-medium wp-image-2968\" src=\"https:\/\/www.dular.world\/SI\/wp-content\/uploads\/2021\/10\/SND-slajdi17-300x169.jpg\" alt=\"\" width=\"300\" height=\"169\" srcset=\"https:\/\/www.dular.world\/SI\/wp-content\/uploads\/2021\/10\/SND-slajdi17-300x169.jpg 300w, https:\/\/www.dular.world\/SI\/wp-content\/uploads\/2021\/10\/SND-slajdi17-768x432.jpg 768w, https:\/\/www.dular.world\/SI\/wp-content\/uploads\/2021\/10\/SND-slajdi17-1024x576.jpg 1024w\" sizes=\"auto, (max-width: 300px) 100vw, 300px\" \/><\/p>\n<p>Oblikovanje: Polona Zaletel<\/p>\n","protected":false},"excerpt":{"rendered":"<p>Pesni\u0161ka zbirka je razdeljena v dva dela, Narava&nbsp;in&nbsp;Dru\u017eba. V vsakem delu je po 33 fotoverzov. Zve\u010der pred spanjem, za prijeten sen&nbsp;\u2013 vsak dan nov fotoverz. Str. 142: Oblikovanje: Polona Zaletel<\/p>\n","protected":false},"author":2,"featured_media":0,"parent":0,"menu_order":0,"comment_status":"closed","ping_status":"closed","template":"","meta":{"footnotes":""},"class_list":["post-2961","page","type-page","status-publish","hentry"],"_links":{"self":[{"href":"https:\/\/www.dular.world\/SI\/wp-json\/wp\/v2\/pages\/2961","targetHints":{"allow":["GET"]}}],"collection":[{"href":"https:\/\/www.dular.world\/SI\/wp-json\/wp\/v2\/pages"}],"about":[{"href":"https:\/\/www.dular.world\/SI\/wp-json\/wp\/v2\/types\/page"}],"author":[{"embeddable":true,"href":"https:\/\/www.dular.world\/SI\/wp-json\/wp\/v2\/users\/2"}],"replies":[{"embeddable":true,"href":"https:\/\/www.dular.world\/SI\/wp-json\/wp\/v2\/comments?post=2961"}],"version-history":[{"count":6,"href":"https:\/\/www.dular.world\/SI\/wp-json\/wp\/v2\/pages\/2961\/revisions"}],"predecessor-version":[{"id":3435,"href":"https:\/\/www.dular.world\/SI\/wp-json\/wp\/v2\/pages\/2961\/revisions\/3435"}],"wp:attachment":[{"href":"https:\/\/www.dular.world\/SI\/wp-json\/wp\/v2\/media?parent=2961"}],"curies":[{"name":"wp","href":"https:\/\/api.w.org\/{rel}","templated":true}]}}