{"id":21,"date":"2018-10-13T12:56:44","date_gmt":"2018-10-13T12:56:44","guid":{"rendered":"https:\/\/www.dular.world\/SI\/?page_id=21"},"modified":"2022-12-29T17:12:27","modified_gmt":"2022-12-29T15:12:27","slug":"oddelek-domace-strani","status":"publish","type":"page","link":"https:\/\/www.dular.world\/SI\/oddelek-domace-strani\/","title":{"rendered":"Milina pogovora \/ The Gracefulness of Conversation"},"content":{"rendered":"<p>\u00a0<\/p>\n<p><a href=\"https:\/\/www.amazon.com\/s?k=mirjam+dular&amp;ref=nb_sb_noss\"><strong>Prevodi zgodb v angle\u0161\u010dino \/ Short stories translated to English<\/strong><\/a><\/p>\n<p><strong>Zbirka<\/strong> kratke proze <em><strong>Milina pogovora<\/strong><\/em>.<\/p>\n<p>\u010ceprav avtorica ne more brez vsaj be\u017eno vrinjenih vinjet narave, pa njene kratke zgodbe niso sentimentalno opevanje prirode, ampak jih prevevajo razmi\u0161ljujo\u010da do\u017eivetja in ob\u010dutja sodobnega urbanega \u010dloveka.<\/p>\n<p>Zgodbe predejo navadne in tudi nenavadne dogodke \u017eivljenja. Nekatere od njih pripoveduje \u017eenska, druge mo\u0161ki, tretje razpleta zunanji pripovedovalec. V vseh je veliko pogovora, najve\u010dkrat med dvema posameznikoma, v nekaterih med ve\u010d osebami, v drugih pa se pojavlja neke vrste notranji monolog. Zgodb je osemnajst, razporejene so v \u0161tiri skupine, <em>Spotoma<\/em>, <em>Od znotraj<\/em>, <em>Od zunaj<\/em> in <em>Dru\u017eboZgodbe<\/em>.<\/p>\n<p><span style=\"color: #333399\"><em>Li\u010dno oblikovana knjiga je izvirno in lepo darilo ob prazniku ali pa kar tako.<\/em><\/span>\u00a0<a href=\"https:\/\/www.dular.world\/SI\/kontakt\/\"><em>Naro\u010dilo knjige<\/em><\/a><\/p>\n<p>Spodaj je na kratko opisana vsebina treh zgodb.<\/p>\n\n\n<figure class=\"wp-block-image\"><img loading=\"lazy\" decoding=\"async\" width=\"1286\" height=\"2000\" src=\"https:\/\/www.dular.world\/SI\/wp-content\/uploads\/2018\/10\/naslovnica_milina-pogovora.jpg\" alt=\"\" class=\"wp-image-139\" srcset=\"https:\/\/www.dular.world\/SI\/wp-content\/uploads\/2018\/10\/naslovnica_milina-pogovora.jpg 1286w, https:\/\/www.dular.world\/SI\/wp-content\/uploads\/2018\/10\/naslovnica_milina-pogovora-193x300.jpg 193w, https:\/\/www.dular.world\/SI\/wp-content\/uploads\/2018\/10\/naslovnica_milina-pogovora-768x1194.jpg 768w, https:\/\/www.dular.world\/SI\/wp-content\/uploads\/2018\/10\/naslovnica_milina-pogovora-658x1024.jpg 658w\" sizes=\"auto, (max-width: 767px) 89vw, (max-width: 1000px) 54vw, (max-width: 1071px) 543px, 580px\" \/><\/figure>\n\n\n\n<h2 class=\"wp-block-heading\">Igralka<\/h2>\n\n\n\n<p>Ute\u010dena ekipa re\u017eiser-producent-tekstopiska izvede avdicijo za natur\u0161\u010dik-igralko, glavno vlogo v dokumentarnem filmu o slovenski manekenki, ki uspe v Ameriki. V filmu je na\u010drtovanih tudi nekaj golih prizorov, zato se mora dekle pred komisijo sle\u010di. Filmska ekipa ostane brez besed.<\/p>\n\n\n\n<p><em>A well-set team of director, producer, and textwriter organise an audition for a non-professional actress. At the end of the interview with a beautiful candidate the team remains speechless.<\/em><\/p>\n\n\n\n<figure class=\"wp-block-image\"><img loading=\"lazy\" decoding=\"async\" width=\"2000\" height=\"1500\" src=\"https:\/\/www.dular.world\/SI\/wp-content\/uploads\/2018\/10\/morskaDeklica.jpg\" alt=\"\" class=\"wp-image-123\" srcset=\"https:\/\/www.dular.world\/SI\/wp-content\/uploads\/2018\/10\/morskaDeklica.jpg 2000w, https:\/\/www.dular.world\/SI\/wp-content\/uploads\/2018\/10\/morskaDeklica-300x225.jpg 300w, https:\/\/www.dular.world\/SI\/wp-content\/uploads\/2018\/10\/morskaDeklica-768x576.jpg 768w, https:\/\/www.dular.world\/SI\/wp-content\/uploads\/2018\/10\/morskaDeklica-1024x768.jpg 1024w\" sizes=\"auto, (max-width: 767px) 89vw, (max-width: 1000px) 54vw, (max-width: 1071px) 543px, 580px\" \/><\/figure>\n\n\n\n<h2 class=\"wp-block-heading\">Otrok nekoga drugega<\/h2>\n\n\n\n<p>Kipar Peter redno zahaja v Francijo, k nekdanji plemi\u0161ki dru\u017eini, ki pod svoje okrilje tradicionalno vabi umetnike. Gospodar je profesor, zato se v dru\u017ebi pogosto znajdejo tudi \u0161tudentje. Med njimi je izjemno lepa in bistra Arabka Mana. Peter in Mana se usodno zapleteta, po dalj \u010dasa trajajo\u010dem kompleksnem razmerju pa se Mana nenadoma odlo\u010di za ustalitev. Poro\u010di se z bogatim Arabcem in si \u017eeli otroka.<\/p>\n\n\n\n<figure class=\"wp-block-image\"><img loading=\"lazy\" decoding=\"async\" width=\"2000\" height=\"1492\" src=\"https:\/\/www.dular.world\/SI\/wp-content\/uploads\/2018\/10\/LunaOgrajaArab.jpg\" alt=\"\" class=\"wp-image-122\" srcset=\"https:\/\/www.dular.world\/SI\/wp-content\/uploads\/2018\/10\/LunaOgrajaArab.jpg 2000w, https:\/\/www.dular.world\/SI\/wp-content\/uploads\/2018\/10\/LunaOgrajaArab-300x224.jpg 300w, https:\/\/www.dular.world\/SI\/wp-content\/uploads\/2018\/10\/LunaOgrajaArab-768x573.jpg 768w, https:\/\/www.dular.world\/SI\/wp-content\/uploads\/2018\/10\/LunaOgrajaArab-1024x764.jpg 1024w\" sizes=\"auto, (max-width: 767px) 89vw, (max-width: 1000px) 54vw, (max-width: 1071px) 543px, 580px\" \/><\/figure>\n\n\n\n<h2 class=\"wp-block-heading\">Nekdo vendar mora poskrbeti za red<\/h2>\n\n\n\n<p>Na predprazni\u010dni dan neko gospo prvi\u010d v \u017eivljenju za\u010dne neznosno boleti zob, zato gre na zobno urgenco. V polni \u010dakalnici se razvije intenziven klepet na ra\u010dun pacienta, ki se ho\u010de na vsak na\u010din preriniti preko vrste, kar mu na koncu tudi uspe. To do skrajnosti razjezi enega od \u010dakajo\u010dih, ki se odlo\u010di poskrbeti za red.<\/p>\n\n\n\n<p><em>A pushy patient in a dentist\u2019s surgery waiting room causes tension. One irate patient decides to take over.<\/em><\/p>\n\n\n\n<figure class=\"wp-block-image\"><img loading=\"lazy\" decoding=\"async\" width=\"1500\" height=\"2000\" class=\"wp-image-124\" src=\"https:\/\/www.dular.world\/SI\/wp-content\/uploads\/2018\/10\/PajacNaSteni.jpg\" alt=\"\" srcset=\"https:\/\/www.dular.world\/SI\/wp-content\/uploads\/2018\/10\/PajacNaSteni.jpg 1500w, https:\/\/www.dular.world\/SI\/wp-content\/uploads\/2018\/10\/PajacNaSteni-225x300.jpg 225w, https:\/\/www.dular.world\/SI\/wp-content\/uploads\/2018\/10\/PajacNaSteni-768x1024.jpg 768w\" sizes=\"auto, (max-width: 767px) 89vw, (max-width: 1000px) 54vw, (max-width: 1071px) 543px, 580px\" \/><\/figure>\r\n&nbsp;\r\n\r\n<strong>Predstavitve<\/strong>\r\n\r\n<strong>24. 4. 2019<\/strong>. Mladinska knjiga, Konzorcij v Ljubljani. <a href=\"https:\/\/www.mladinska.com\/skupina_mk\/koledar_dogodkov\/dogodek?etid=6663\">Vabilo<\/a>. <a href=\"https:\/\/www.facebook.com\/mirjam.galicic\/posts\/2204359293018865\">Poro\u010dilo<\/a>.\r\n\r\n<strong>13. 3. 2019<\/strong>. Zaprt dogodek. (Za prijateljice Rokove mame.)\r\n\r\n<strong>6. 3. 2019<\/strong>. MKL, Knji\u017enica Jo\u017eeta Mazovca, Moste, Ljubljana. <a href=\"https:\/\/www.mklj.si\/prireditve\/item\/19180-milina-pogovora-mirjam-dular#.XHp3DC2ZM1J\">Vabilo<\/a>. <a href=\"https:\/\/www.facebook.com\/photo.php?fbid=2132933163494812&amp;set=pcb.2132933393494789&amp;type=3&amp;theater\">Poro\u010dilo<\/a>.\r\n\r\n<strong>27. 2. 2019<\/strong>. MKL, Knji\u017enica Otona \u017dupan\u010di\u010da, Ljubljana. <a href=\"https:\/\/www.napovednik.com\/dogodek508273_mirjam_dular_milina_pogovora\">Vabilo<\/a>. <a href=\"https:\/\/www.facebook.com\/photo.php?fbid=2122941341160661&amp;set=pcb.2122950717826390&amp;type=3&amp;theater\">Poro\u010dilo<\/a>. <a href=\"https:\/\/www.dular.world\/SI\/wp-content\/uploads\/2019\/06\/PogovoriZMilino.jpg\">Arturjevi palindromski pogovori z Milino<\/a>.\r\n\r\n<strong>7. 2. 2019<\/strong>. Knji\u017enica Franceta Bevka Nova Gorica. <a href=\"http:\/\/www.gkfb.si\/dogodki\/literarni-cetrtki\/item\/1011-predstavitev-knjige-milina-pogovora\">Vabilo<\/a>. <a href=\"https:\/\/www.facebook.com\/photo.php?fbid=2091139791007483&amp;set=a.1312981365490000&amp;type=3&amp;theater\">Poro\u010dilo<\/a>.\n","protected":false},"excerpt":{"rendered":"<p>\u00a0 Prevodi zgodb v angle\u0161\u010dino \/ Short stories translated to English Zbirka kratke proze Milina pogovora. \u010ceprav avtorica ne more brez vsaj be\u017eno vrinjenih vinjet narave, pa njene kratke zgodbe niso sentimentalno opevanje prirode, ampak jih prevevajo razmi\u0161ljujo\u010da do\u017eivetja in ob\u010dutja sodobnega urbanega \u010dloveka. Zgodbe predejo navadne in tudi nenavadne dogodke \u017eivljenja. Nekatere od njih &hellip; <\/p>\n<p class=\"link-more\"><a href=\"https:\/\/www.dular.world\/SI\/oddelek-domace-strani\/\" class=\"more-link\">Preberi ve\u010d<span class=\"screen-reader-text\"> &#8220;Milina pogovora \/ The Gracefulness of Conversation&#8221;<\/span><\/a><\/p>\n","protected":false},"author":1,"featured_media":0,"parent":0,"menu_order":0,"comment_status":"closed","ping_status":"closed","template":"","meta":{"footnotes":""},"class_list":["post-21","page","type-page","status-publish","hentry"],"_links":{"self":[{"href":"https:\/\/www.dular.world\/SI\/wp-json\/wp\/v2\/pages\/21","targetHints":{"allow":["GET"]}}],"collection":[{"href":"https:\/\/www.dular.world\/SI\/wp-json\/wp\/v2\/pages"}],"about":[{"href":"https:\/\/www.dular.world\/SI\/wp-json\/wp\/v2\/types\/page"}],"author":[{"embeddable":true,"href":"https:\/\/www.dular.world\/SI\/wp-json\/wp\/v2\/users\/1"}],"replies":[{"embeddable":true,"href":"https:\/\/www.dular.world\/SI\/wp-json\/wp\/v2\/comments?post=21"}],"version-history":[{"count":46,"href":"https:\/\/www.dular.world\/SI\/wp-json\/wp\/v2\/pages\/21\/revisions"}],"predecessor-version":[{"id":3427,"href":"https:\/\/www.dular.world\/SI\/wp-json\/wp\/v2\/pages\/21\/revisions\/3427"}],"wp:attachment":[{"href":"https:\/\/www.dular.world\/SI\/wp-json\/wp\/v2\/media?parent=21"}],"curies":[{"name":"wp","href":"https:\/\/api.w.org\/{rel}","templated":true}]}}