{"id":19,"date":"2018-10-13T12:56:44","date_gmt":"2018-10-13T12:56:44","guid":{"rendered":"https:\/\/www.dular.world\/SI\/?page_id=19"},"modified":"2025-01-31T15:52:12","modified_gmt":"2025-01-31T13:52:12","slug":"kontakt","status":"publish","type":"page","link":"https:\/\/www.dular.world\/SI\/kontakt\/","title":{"rendered":"Kontakt \/ Contact"},"content":{"rendered":"\n<figure class=\"wp-block-image\"><img loading=\"lazy\" decoding=\"async\" width=\"250\" height=\"252\" src=\"https:\/\/www.dular.world\/SI\/wp-content\/uploads\/2018\/10\/MirjamLOGO250x250.jpg\" alt=\"\" class=\"wp-image-40\" srcset=\"https:\/\/www.dular.world\/SI\/wp-content\/uploads\/2018\/10\/MirjamLOGO250x250.jpg 250w, https:\/\/www.dular.world\/SI\/wp-content\/uploads\/2018\/10\/MirjamLOGO250x250-150x150.jpg 150w, https:\/\/www.dular.world\/SI\/wp-content\/uploads\/2018\/10\/MirjamLOGO250x250-100x100.jpg 100w\" sizes=\"auto, (max-width: 250px) 100vw, 250px\" \/><\/figure>\n\n\n\n<p><em>NOVO! Knjige, izdane od leta 2024 dalje, so na voljo pri zalo\u017eniku &#8211; glej podatke na vstopni strani (&#8220;Domov&#8221;) &#8211; ter v spletnih in obi\u010dajnih knjigarnah.<\/em><\/p>\n\n\n\n<p>*****<\/p>\n\n\n\n<p>Knjige&nbsp;lahko <strong>naro\u010dite<\/strong> na elektronskem naslovu <a href=\"mailto:mirjam@dular.world\">mirjam.dular@gmail.com,&nbsp;<\/a>na zalo\u017ebi <a href=\"https:\/\/layer.si\/\" data-type=\"URL\">Layerjeva hi\u0161a<\/a> ali v spletni knjigarni <a href=\"https:\/\/www.primus.si\/catalogsearch\/result\/?q=mirjam+dular\">Primus<\/a>.<\/p>\n\n\n\n<p>*****<\/p>\n\n\n\n<p>CENE<\/p>\n\n\n\n<p><a href=\"https:\/\/www.primus.si\/milina-pogovora\/\"><strong><em>Milina pogovora<\/em><\/strong><\/a>, zbirka 18 raznovrstnih zgodb: 18,00\u20ac<\/p>\n\n\n\n<p><a href=\"https:\/\/www.primus.si\/stikanja\/\"><em><strong>Stikanja<\/strong><\/em><\/a>, pesni\u0161ka zbirka 2&#215;33 + 1&nbsp;<em>fotoverz<\/em>: 12,00\u20ac. <em>Ob naro\u010dilu <strong>obeh<\/strong> knjig <strong>pri avtorici <\/strong>skupaj le<\/em>: 25,00\u20ac<\/p>\n\n\n\n<p><a href=\"https:\/\/www.primus.si\/snd\/\"><strong>SND, Spoznavanje narave in dru\u017ebe<\/strong><\/a>,&nbsp;pesni\u0161ka zbirka 2&#215;33 + 1 <em>fotover<\/em>z: 12,00\u20ac<\/p>\n\n\n\n<p><a href=\"https:\/\/www.primus.si\/lirika\"><strong>Lirika<\/strong><\/a>, pesni\u0161ka zbirka 2&#215;33 + 1&nbsp;<em>fotoverz<\/em>: 12,00\u20ac<\/p>\n\n\n\n<p><em>Ob naro\u010dilu <strong>vseh \u0161tirih<\/strong> knjig <strong>pri avtorici <\/strong>skupaj le<\/em>: 40,00\u20ac<\/p>\n\n\n\n<p><em>Ob naro\u010dilu <strong>vseh treh<\/strong>&nbsp;pesni\u0161kih zbirk&nbsp;<strong>pri avtorici <\/strong>skupaj le<\/em>: 30,00\u20ac<\/p>\n\n\n\n<p>*****<\/p>\n\n\n\n<p>Majica s fotoverzom: 15,00\u20ac <\/p>\n\n\n\n<figure class=\"wp-block-image size-large\"><img loading=\"lazy\" decoding=\"async\" width=\"401\" height=\"362\" src=\"https:\/\/www.dular.world\/SI\/wp-content\/uploads\/2022\/12\/majica-izrez.jpg\" alt=\"\" class=\"wp-image-3408\" srcset=\"https:\/\/www.dular.world\/SI\/wp-content\/uploads\/2022\/12\/majica-izrez.jpg 401w, https:\/\/www.dular.world\/SI\/wp-content\/uploads\/2022\/12\/majica-izrez-300x271.jpg 300w\" sizes=\"auto, (max-width: 401px) 100vw, 401px\" \/><\/figure>\n\n\n\n<p>Majica in vse tri pesni\u0161ke zbirke: 40,00\u20ac<\/p>\n\n\n\n<p>Majica in vse \u0161tiri knjige: 50,00\u20ac<\/p>\n\n\n\n<p>*****<\/p>\n\n\n\n<p><\/p>\n\n\n\n<p><\/p>\n\n\n\n<p><strong>Od aprila 2022 v<em> Layerci v Kranju<\/em> knjiga&amp;kava<\/strong>. (Ob nakupu knjige dobite kavo zastonj.)<\/p>\n\n\n\n<figure class=\"wp-block-image size-large\"><img loading=\"lazy\" decoding=\"async\" width=\"328\" height=\"403\" src=\"https:\/\/www.dular.world\/SI\/wp-content\/uploads\/2022\/12\/reklama_layer_2022.jpeg\" alt=\"\" class=\"wp-image-3383\" srcset=\"https:\/\/www.dular.world\/SI\/wp-content\/uploads\/2022\/12\/reklama_layer_2022.jpeg 328w, https:\/\/www.dular.world\/SI\/wp-content\/uploads\/2022\/12\/reklama_layer_2022-244x300.jpeg 244w\" sizes=\"auto, (max-width: 328px) 100vw, 328px\" \/><figcaption class=\"wp-element-caption\">Vir fotografije: Ana \u017duni\u010d, Layerjeva hi\u0161a v Kranju<\/figcaption><\/figure>\n\n\n\n<p><\/p>\n","protected":false},"excerpt":{"rendered":"<p>NOVO! Knjige, izdane od leta 2024 dalje, so na voljo pri zalo\u017eniku &#8211; glej podatke na vstopni strani (&#8220;Domov&#8221;) &#8211; ter v spletnih in obi\u010dajnih knjigarnah. ***** Knjige&nbsp;lahko naro\u010dite na elektronskem naslovu mirjam.dular@gmail.com,&nbsp;na zalo\u017ebi Layerjeva hi\u0161a ali v spletni knjigarni Primus. ***** CENE Milina pogovora, zbirka 18 raznovrstnih zgodb: 18,00\u20ac Stikanja, pesni\u0161ka zbirka 2&#215;33 + &hellip; <\/p>\n<p class=\"link-more\"><a href=\"https:\/\/www.dular.world\/SI\/kontakt\/\" class=\"more-link\">Preberi ve\u010d<span class=\"screen-reader-text\"> &#8220;Kontakt \/ Contact&#8221;<\/span><\/a><\/p>\n","protected":false},"author":1,"featured_media":0,"parent":0,"menu_order":0,"comment_status":"closed","ping_status":"closed","template":"","meta":{"footnotes":""},"class_list":["post-19","page","type-page","status-publish","hentry"],"_links":{"self":[{"href":"https:\/\/www.dular.world\/SI\/wp-json\/wp\/v2\/pages\/19","targetHints":{"allow":["GET"]}}],"collection":[{"href":"https:\/\/www.dular.world\/SI\/wp-json\/wp\/v2\/pages"}],"about":[{"href":"https:\/\/www.dular.world\/SI\/wp-json\/wp\/v2\/types\/page"}],"author":[{"embeddable":true,"href":"https:\/\/www.dular.world\/SI\/wp-json\/wp\/v2\/users\/1"}],"replies":[{"embeddable":true,"href":"https:\/\/www.dular.world\/SI\/wp-json\/wp\/v2\/comments?post=19"}],"version-history":[{"count":50,"href":"https:\/\/www.dular.world\/SI\/wp-json\/wp\/v2\/pages\/19\/revisions"}],"predecessor-version":[{"id":3581,"href":"https:\/\/www.dular.world\/SI\/wp-json\/wp\/v2\/pages\/19\/revisions\/3581"}],"wp:attachment":[{"href":"https:\/\/www.dular.world\/SI\/wp-json\/wp\/v2\/media?parent=19"}],"curies":[{"name":"wp","href":"https:\/\/api.w.org\/{rel}","templated":true}]}}