{"id":18,"date":"2018-10-13T12:56:44","date_gmt":"2018-10-13T12:56:44","guid":{"rendered":"https:\/\/www.dular.world\/SI\/?page_id=18"},"modified":"2022-12-29T18:31:10","modified_gmt":"2022-12-29T16:31:10","slug":"oavtorici","status":"publish","type":"page","link":"https:\/\/www.dular.world\/SI\/oavtorici\/","title":{"rendered":"O avtorici \/ About the Author"},"content":{"rendered":"<p><img loading=\"lazy\" decoding=\"async\" class=\"size-medium wp-image-954 alignleft\" src=\"https:\/\/www.dular.world\/SI\/wp-content\/uploads\/2020\/01\/mirjam-cb-225x300.jpg\" alt=\"\" width=\"225\" height=\"300\" srcset=\"https:\/\/www.dular.world\/SI\/wp-content\/uploads\/2020\/01\/mirjam-cb-225x300.jpg 225w, https:\/\/www.dular.world\/SI\/wp-content\/uploads\/2020\/01\/mirjam-cb.jpg 600w\" sizes=\"auto, (max-width: 225px) 100vw, 225px\" \/>Mirjam Dular pi\u0161e (kratko) <strong>prozo<\/strong>, <strong>razmi\u0161ljanja<\/strong> (npr.\u00a0<a href=\"https:\/\/medium.com\/@mgalicic\/vera-verodostojost-in-viri-ter-ljudska-izro%C4%8Dila-9abc94aeb164\">https:\/\/medium.com\/@mgalicic\/vera-verodostojost-in-viri-ter-ljudska-izro\u010dila-9abc94aeb164<\/a>\u00a0ali pa <a href=\"https:\/\/medium.com\/@mgalicic\/\u0161aljivi-la\u017enivi-kljukci-ec7d8b6bd9ba\">https:\/\/medium.com\/@mgalicic\/\u0161aljivi-la\u017enivi-kljukci-ec7d8b6bd9ba<\/a>) in <strong>poezijo<\/strong>\u00a0(npr.\u00a0<a href=\"https:\/\/www.dular.world\/SI\/blog\/2019\/06\/23\/sonet\/\">https:\/\/www.dular.world\/SI\/blog\/2019\/06\/23\/sonet\/<\/a>). Na portalu <a href=\"https:\/\/www.pesem.si\/fotoverzi\/pesmi\/vse\">pesem.si<\/a> je od junija 2019 do marca 2022 vsakodnevno objavljala\u00a0<a href=\"https:\/\/www.pesem.si\/fotoverzi\/pesmi\/vse\"><strong>fotoverze<\/strong><\/a>, ki jih je vsaj 1001.<\/p>\n<p>Dr. <a href=\"https:\/\/sl.wikipedia.org\/wiki\/Mirjam_Dular\">MIRJAM DULAR\u00a0<\/a>\u00a0je po doktoratu iz fizike poleg svoje poklicne poti tudi pisala in prevajala poljudna naravoslovna besedila, med drugim eno najve\u010djih prodajnih knji\u017enih uspe\u0161nic v Sloveniji, <a href=\"https:\/\/www.biblos.si\/isbn\/9789610170037\">Kratko zgodovino skoraj vsega<\/a> Billa Brysona ter Knjige Stephena Hawkinga, npr. <a href=\"http:\/\/www.dmfa-zaloznistvo.si\/hawking\/uci04.htm\">Vesolje v orehovi lupini<\/a>, ter recenzirala s strani drugih prevedena besedila s podro\u010dja astronomije. Skoraj dvajset let je bila zaposlena na podro\u010dju varstva narave, kjer je med drugim prispevala idejo, opisano v <a href=\"https:\/\/zrsvn-varstvonarave.si\/wp-content\/uploads\/2019\/07\/Dular_4942.pdf\">\u010dlanku<\/a> v reviji Varstvo narave, za nadpoliti\u010dni in nadvladni dr\u017eavni organ, ki bi skrbel za Naravo, zavedajo\u010d se dejstva, da brez ohranjene narave \u010dlovek ne more pre\u017eiveti ne glede na razvoj in napredek. Odlo\u010den in umirjen odnos do sodobnih vpra\u0161anj ohranjanja narave dve Mirjam (Mirjam in Mirjam) podajata v <a href=\"https:\/\/zrsvn-varstvonarave.si\/wp-content\/uploads\/2022\/11\/07-Gorki\u010d-Dular.pdf\">intervjuju<\/a> v suplementu Varstva narave v letu 2022.<\/p>\n<p>Napisala je izvirno monografijo <em><strong>Nebo, premazano z zvezdami:<\/strong> ve\u010d kot sto odgovorov o vesolju in astronomiji<\/em>, ki si jo je mogo\u010de izposoditi v knji\u017enicah po Sloveniji. Zapis o knjigi v COBISS: <a href=\"https:\/\/plus.cobiss.si\/opac7\/bib\/110620160\">https:\/\/plus.cobiss.si\/opac7\/bib\/110620160<\/a><\/p>\n\n\n<figure class=\"wp-block-image\"><img loading=\"lazy\" decoding=\"async\" width=\"2000\" height=\"1327\" src=\"https:\/\/www.dular.world\/SI\/wp-content\/uploads\/2018\/10\/NeboPremazanoZvezdami.jpg\" alt=\"\" class=\"wp-image-116\" srcset=\"https:\/\/www.dular.world\/SI\/wp-content\/uploads\/2018\/10\/NeboPremazanoZvezdami.jpg 2000w, https:\/\/www.dular.world\/SI\/wp-content\/uploads\/2018\/10\/NeboPremazanoZvezdami-300x199.jpg 300w, https:\/\/www.dular.world\/SI\/wp-content\/uploads\/2018\/10\/NeboPremazanoZvezdami-768x510.jpg 768w, https:\/\/www.dular.world\/SI\/wp-content\/uploads\/2018\/10\/NeboPremazanoZvezdami-1024x679.jpg 1024w\" sizes=\"auto, (max-width: 767px) 89vw, (max-width: 1000px) 54vw, (max-width: 1071px) 543px, 580px\" \/><\/figure>\n\n\n\n<p><em>Vse na strani objavljene fotografije, razen \u010de je pri posamezni fotografiji navedeno druga\u010de, so iz lastnega fotoarhiva M. Dular<\/em>.<\/p>\n","protected":false},"excerpt":{"rendered":"<p>Mirjam Dular pi\u0161e (kratko) prozo, razmi\u0161ljanja (npr.\u00a0https:\/\/medium.com\/@mgalicic\/vera-verodostojost-in-viri-ter-ljudska-izro\u010dila-9abc94aeb164\u00a0ali pa https:\/\/medium.com\/@mgalicic\/\u0161aljivi-la\u017enivi-kljukci-ec7d8b6bd9ba) in poezijo\u00a0(npr.\u00a0https:\/\/www.dular.world\/SI\/blog\/2019\/06\/23\/sonet\/). Na portalu pesem.si je od junija 2019 do marca 2022 vsakodnevno objavljala\u00a0fotoverze, ki jih je vsaj 1001. Dr. MIRJAM DULAR\u00a0\u00a0je po doktoratu iz fizike poleg svoje poklicne poti tudi pisala in prevajala poljudna naravoslovna besedila, med drugim eno najve\u010djih prodajnih knji\u017enih uspe\u0161nic v Sloveniji, &hellip; <\/p>\n<p class=\"link-more\"><a href=\"https:\/\/www.dular.world\/SI\/oavtorici\/\" class=\"more-link\">Preberi ve\u010d<span class=\"screen-reader-text\"> &#8220;O avtorici \/ About the Author&#8221;<\/span><\/a><\/p>\n","protected":false},"author":1,"featured_media":52,"parent":0,"menu_order":0,"comment_status":"closed","ping_status":"closed","template":"","meta":{"footnotes":""},"class_list":["post-18","page","type-page","status-publish","has-post-thumbnail","hentry"],"_links":{"self":[{"href":"https:\/\/www.dular.world\/SI\/wp-json\/wp\/v2\/pages\/18","targetHints":{"allow":["GET"]}}],"collection":[{"href":"https:\/\/www.dular.world\/SI\/wp-json\/wp\/v2\/pages"}],"about":[{"href":"https:\/\/www.dular.world\/SI\/wp-json\/wp\/v2\/types\/page"}],"author":[{"embeddable":true,"href":"https:\/\/www.dular.world\/SI\/wp-json\/wp\/v2\/users\/1"}],"replies":[{"embeddable":true,"href":"https:\/\/www.dular.world\/SI\/wp-json\/wp\/v2\/comments?post=18"}],"version-history":[{"count":32,"href":"https:\/\/www.dular.world\/SI\/wp-json\/wp\/v2\/pages\/18\/revisions"}],"predecessor-version":[{"id":3466,"href":"https:\/\/www.dular.world\/SI\/wp-json\/wp\/v2\/pages\/18\/revisions\/3466"}],"wp:featuredmedia":[{"embeddable":true,"href":"https:\/\/www.dular.world\/SI\/wp-json\/wp\/v2\/media\/52"}],"wp:attachment":[{"href":"https:\/\/www.dular.world\/SI\/wp-json\/wp\/v2\/media?parent=18"}],"curies":[{"name":"wp","href":"https:\/\/api.w.org\/{rel}","templated":true}]}}